{"id":538,"date":"2022-11-03T13:25:40","date_gmt":"2022-11-03T13:25:40","guid":{"rendered":"https:\/\/api.vilhemp.com\/?post_type=product&#038;p=538"},"modified":"2025-07-15T19:49:39","modified_gmt":"2025-07-15T19:49:39","slug":"lapos-tanyer","status":"publish","type":"product","link":"https:\/\/api.vilhemp.hu\/en\/termek\/lapos-tanyer\/","title":{"rendered":"Lapost\u00e1ny\u00e9r"},"content":{"rendered":"<div><span style=\"font-weight: 400;\">\u00d3vd a k\u00f6rnyezetet \u00e9s v\u00e1laszd a hazai fejleszt\u00e9s\u0171, egyedi gy\u00e1rt\u00e1s\u00fa, term\u00e9szetes rostsz\u00e1l tartalm\u00fa, leboml\u00f3 Vilhemp t\u00e1ny\u00e9rokat!<\/span><\/div>\n<div><\/div>\n<div><strong>Csomag tartalma<\/strong>: 100%-ban komposzt\u00e1lhat\u00f3 t\u00e1ny\u00e9r<\/div>\n<div><\/div>\n<div><strong>\u00c1tm\u00e9r\u0151<\/strong>: 24 cm<\/div>\n<div><strong>M\u00e9lys\u00e9g<\/strong>: 1 cm<\/div>\n<div><strong>S\u00faly<\/strong>: 98 g<\/div>\n<div><\/div>\n<div><strong>Kiszerel\u00e9s<\/strong>: 5 db\/csomag<\/div>\n","protected":false},"excerpt":{"rendered":"<p>\u00d3vd a k\u00f6rnyezetet \u00e9s v\u00e1laszd a hazai fejleszt\u00e9s\u0171, egyedi gy\u00e1rt\u00e1s\u00fa, term\u00e9szetes rostsz\u00e1l tartalm\u00fa, leboml\u00f3 Vilhemp t\u00e1ny\u00e9rokat! Csomag tartalma: 100%-ban komposzt\u00e1lhat\u00f3 t\u00e1ny\u00e9r \u00c1tm\u00e9r\u0151: 24 cm M\u00e9lys\u00e9g: 1 cm S\u00faly: 98 g Kiszerel\u00e9s: 5 db\/csomag<\/p>\n","protected":false},"featured_media":541,"comment_status":"open","ping_status":"closed","template":"","meta":[],"product_cat":[30],"product_tag":[],"acf":[],"_links":{"self":[{"href":"https:\/\/api.vilhemp.hu\/en\/wp-json\/wp\/v2\/product\/538"}],"collection":[{"href":"https:\/\/api.vilhemp.hu\/en\/wp-json\/wp\/v2\/product"}],"about":[{"href":"https:\/\/api.vilhemp.hu\/en\/wp-json\/wp\/v2\/types\/product"}],"replies":[{"embeddable":true,"href":"https:\/\/api.vilhemp.hu\/en\/wp-json\/wp\/v2\/comments?post=538"}],"wp:featuredmedia":[{"embeddable":true,"href":"https:\/\/api.vilhemp.hu\/en\/wp-json\/wp\/v2\/media\/541"}],"wp:attachment":[{"href":"https:\/\/api.vilhemp.hu\/en\/wp-json\/wp\/v2\/media?parent=538"}],"wp:term":[{"taxonomy":"product_cat","embeddable":true,"href":"https:\/\/api.vilhemp.hu\/en\/wp-json\/wp\/v2\/product_cat?post=538"},{"taxonomy":"product_tag","embeddable":true,"href":"https:\/\/api.vilhemp.hu\/en\/wp-json\/wp\/v2\/product_tag?post=538"}],"curies":[{"name":"wp","href":"https:\/\/api.w.org\/{rel}","templated":true}]}}