{"id":532,"date":"2022-11-03T12:46:07","date_gmt":"2022-11-03T12:46:07","guid":{"rendered":"https:\/\/api.vilhemp.com\/?post_type=product&#038;p=532"},"modified":"2024-01-30T21:07:52","modified_gmt":"2024-01-30T21:07:52","slug":"komposztalhato-kanal-2","status":"publish","type":"product","link":"https:\/\/api.vilhemp.hu\/en\/termek\/komposztalhato-kanal-2\/","title":{"rendered":"Komposzt\u00e1lhat\u00f3 h\u0151\u00e1ll\u00f3 kan\u00e1l"},"content":{"rendered":"<div><span style=\"font-weight: 400;\">\u00d3vd a k\u00f6rnyezetet \u00e9s v\u00e1laszd a hazai fejleszt\u00e9s\u0171, egyedi gy\u00e1rt\u00e1s\u00fa, term\u00e9szetes rostsz\u00e1l tartalm\u00fa, leboml\u00f3 Vilhemp kanalakat, melyeket MOST M\u00c1R meleg levesekn\u00e9l is b\u00e1tran haszn\u00e1lhatsz!<\/span><\/div>\n<div><\/div>\n<div><strong>Csomag tartalma<\/strong>: 100%-ban komposzt\u00e1lhat\u00f3 kan\u00e1l<\/div>\n<div><\/div>\n<div><strong>Hossz<\/strong>: 18 cm<\/div>\n<div><\/div>\n<div><strong>S\u00faly<\/strong>: 10 g<\/div>\n<div><\/div>\n<div><strong>FIGYELEM!<\/strong><\/div>\n<div><strong>Jelenleg nincs rakt\u00e1rk\u00e9szleten, ig\u00e9ny eset\u00e9n el\u0151rendel\u00e9s felvehet\u0151!<br \/>\n<\/strong><\/div>\n<div><\/div>\n<div><strong>Kiszerel\u00e9s<\/strong>: 10 db\/tasak, 200 db\/tasak<\/div>\n","protected":false},"excerpt":{"rendered":"<p>\u00d3vd a k\u00f6rnyezetet \u00e9s v\u00e1laszd a hazai fejleszt\u00e9s\u0171, egyedi gy\u00e1rt\u00e1s\u00fa, term\u00e9szetes rostsz\u00e1l tartalm\u00fa, leboml\u00f3 Vilhemp kanalakat, melyeket MOST M\u00c1R meleg levesekn\u00e9l is b\u00e1tran haszn\u00e1lhatsz! Csomag tartalma: 100%-ban komposzt\u00e1lhat\u00f3 kan\u00e1l Hossz: 18 cm S\u00faly: 10 g FIGYELEM! Jelenleg nincs rakt\u00e1rk\u00e9szleten, ig\u00e9ny eset\u00e9n el\u0151rendel\u00e9s felvehet\u0151! Kiszerel\u00e9s: 10 db\/tasak, 200 db\/tasak<\/p>\n","protected":false},"featured_media":537,"comment_status":"open","ping_status":"closed","template":"","meta":[],"product_cat":[17],"product_tag":[],"acf":[],"_links":{"self":[{"href":"https:\/\/api.vilhemp.hu\/en\/wp-json\/wp\/v2\/product\/532"}],"collection":[{"href":"https:\/\/api.vilhemp.hu\/en\/wp-json\/wp\/v2\/product"}],"about":[{"href":"https:\/\/api.vilhemp.hu\/en\/wp-json\/wp\/v2\/types\/product"}],"replies":[{"embeddable":true,"href":"https:\/\/api.vilhemp.hu\/en\/wp-json\/wp\/v2\/comments?post=532"}],"wp:featuredmedia":[{"embeddable":true,"href":"https:\/\/api.vilhemp.hu\/en\/wp-json\/wp\/v2\/media\/537"}],"wp:attachment":[{"href":"https:\/\/api.vilhemp.hu\/en\/wp-json\/wp\/v2\/media?parent=532"}],"wp:term":[{"taxonomy":"product_cat","embeddable":true,"href":"https:\/\/api.vilhemp.hu\/en\/wp-json\/wp\/v2\/product_cat?post=532"},{"taxonomy":"product_tag","embeddable":true,"href":"https:\/\/api.vilhemp.hu\/en\/wp-json\/wp\/v2\/product_tag?post=532"}],"curies":[{"name":"wp","href":"https:\/\/api.w.org\/{rel}","templated":true}]}}