{"id":525,"date":"2022-11-03T12:35:23","date_gmt":"2022-11-03T12:35:23","guid":{"rendered":"https:\/\/api.vilhemp.com\/en\/?post_type=product&#038;p=525"},"modified":"2025-07-15T19:50:16","modified_gmt":"2025-07-15T19:50:16","slug":"vastag-falu-pohar","status":"publish","type":"product","link":"https:\/\/api.vilhemp.hu\/en\/termek\/vastag-falu-pohar\/","title":{"rendered":"Vastag fal\u00fa poh\u00e1r"},"content":{"rendered":"<div>9,8 cm magas, 48 g s\u00faly\u00fa, 2 dl \u0171rtartalm\u00fa<\/div>\n<div>100%-ban komposzt\u00e1lhat\u00f3 poh\u00e1r<\/div>\n<div><\/div>\n<div>El\u00e9rhet\u0151: nat\u00far (barna) sz\u00ednben. Egyedi sz\u00ednben gy\u00e1rtott term\u00e9kre val\u00f3 ig\u00e9ny\u00e9t jelezze az <a href=\"mailto:info@vilhemp.hu\" target=\"_blank\" rel=\"noopener\">info@vilhemp.hu<\/a> c\u00edmen.<\/div>\n","protected":false},"excerpt":{"rendered":"<p>9,8 cm magas, 48 g s\u00faly\u00fa, 2 dl \u0171rtartalm\u00fa 100%-ban komposzt\u00e1lhat\u00f3 poh\u00e1r El\u00e9rhet\u0151: nat\u00far (barna) sz\u00ednben. Egyedi sz\u00ednben gy\u00e1rtott term\u00e9kre val\u00f3 ig\u00e9ny\u00e9t jelezze az info@vilhemp.hu c\u00edmen.<\/p>\n","protected":false},"featured_media":530,"comment_status":"open","ping_status":"closed","template":"","meta":[],"product_cat":[29],"product_tag":[],"acf":[],"_links":{"self":[{"href":"https:\/\/api.vilhemp.hu\/en\/wp-json\/wp\/v2\/product\/525"}],"collection":[{"href":"https:\/\/api.vilhemp.hu\/en\/wp-json\/wp\/v2\/product"}],"about":[{"href":"https:\/\/api.vilhemp.hu\/en\/wp-json\/wp\/v2\/types\/product"}],"replies":[{"embeddable":true,"href":"https:\/\/api.vilhemp.hu\/en\/wp-json\/wp\/v2\/comments?post=525"}],"wp:featuredmedia":[{"embeddable":true,"href":"https:\/\/api.vilhemp.hu\/en\/wp-json\/wp\/v2\/media\/530"}],"wp:attachment":[{"href":"https:\/\/api.vilhemp.hu\/en\/wp-json\/wp\/v2\/media?parent=525"}],"wp:term":[{"taxonomy":"product_cat","embeddable":true,"href":"https:\/\/api.vilhemp.hu\/en\/wp-json\/wp\/v2\/product_cat?post=525"},{"taxonomy":"product_tag","embeddable":true,"href":"https:\/\/api.vilhemp.hu\/en\/wp-json\/wp\/v2\/product_tag?post=525"}],"curies":[{"name":"wp","href":"https:\/\/api.w.org\/{rel}","templated":true}]}}