{"id":516,"date":"2022-10-28T10:19:46","date_gmt":"2022-10-28T10:19:46","guid":{"rendered":"https:\/\/api.vilhemp.com\/en\/?post_type=product&#038;p=516"},"modified":"2024-01-30T21:07:31","modified_gmt":"2024-01-30T21:07:31","slug":"vekony-falu-pohar","status":"publish","type":"product","link":"https:\/\/api.vilhemp.hu\/en\/termek\/vekony-falu-pohar\/","title":{"rendered":"V\u00e9kony fal\u00fa poh\u00e1r"},"content":{"rendered":"<div>9 cm magas, 4 g s\u00faly\u00fa, 2 dl \u0171rtartalm\u00fa<\/div>\n<div>100%-ban komposzt\u00e1lhat\u00f3 poh\u00e1r<\/div>\n<div><\/div>\n<div>El\u00e9rhet\u0151: nat\u00far (barna) sz\u00ednben. Egyedi sz\u00ednben gy\u00e1rtott term\u00e9kre val\u00f3 ig\u00e9ny\u00e9t jelezze az <a href=\"mailto:info@vilhemp.hu\" target=\"_blank\" rel=\"noopener\">info@vilhemp.hu<\/a> c\u00edmen.<\/div>\n","protected":false},"excerpt":{"rendered":"<p>9 cm magas, 4 g s\u00faly\u00fa, 2 dl \u0171rtartalm\u00fa 100%-ban komposzt\u00e1lhat\u00f3 poh\u00e1r El\u00e9rhet\u0151: nat\u00far (barna) sz\u00ednben. Egyedi sz\u00ednben gy\u00e1rtott term\u00e9kre val\u00f3 ig\u00e9ny\u00e9t jelezze az info@vilhemp.hu c\u00edmen.<\/p>\n","protected":false},"featured_media":518,"comment_status":"open","ping_status":"closed","template":"","meta":[],"product_cat":[29],"product_tag":[],"acf":[],"_links":{"self":[{"href":"https:\/\/api.vilhemp.hu\/en\/wp-json\/wp\/v2\/product\/516"}],"collection":[{"href":"https:\/\/api.vilhemp.hu\/en\/wp-json\/wp\/v2\/product"}],"about":[{"href":"https:\/\/api.vilhemp.hu\/en\/wp-json\/wp\/v2\/types\/product"}],"replies":[{"embeddable":true,"href":"https:\/\/api.vilhemp.hu\/en\/wp-json\/wp\/v2\/comments?post=516"}],"wp:featuredmedia":[{"embeddable":true,"href":"https:\/\/api.vilhemp.hu\/en\/wp-json\/wp\/v2\/media\/518"}],"wp:attachment":[{"href":"https:\/\/api.vilhemp.hu\/en\/wp-json\/wp\/v2\/media?parent=516"}],"wp:term":[{"taxonomy":"product_cat","embeddable":true,"href":"https:\/\/api.vilhemp.hu\/en\/wp-json\/wp\/v2\/product_cat?post=516"},{"taxonomy":"product_tag","embeddable":true,"href":"https:\/\/api.vilhemp.hu\/en\/wp-json\/wp\/v2\/product_tag?post=516"}],"curies":[{"name":"wp","href":"https:\/\/api.w.org\/{rel}","templated":true}]}}