{"id":388,"date":"2022-03-21T13:04:56","date_gmt":"2022-03-21T13:04:56","guid":{"rendered":"https:\/\/api.vilhemp.com\/?post_type=product&#038;p=388"},"modified":"2024-01-30T21:22:14","modified_gmt":"2024-01-30T21:22:14","slug":"komposztalhato-fagylaltos-kanal","status":"publish","type":"product","link":"https:\/\/api.vilhemp.hu\/en\/termek\/komposztalhato-fagylaltos-kanal\/","title":{"rendered":"komposzt\u00e1lhat\u00f3 fagylaltos kan\u00e1l"},"content":{"rendered":"<div>9,5 cm, 1,6g<\/div>\n<div>100%-ban komposzt\u00e1lhat\u00f3 fagylaltos kan\u00e1l<\/div>\n<div><\/div>\n<div>El\u00e9rhet\u0151: nat\u00far (barna) sz\u00ednben. Egyedi sz\u00ednben gy\u00e1rtott term\u00e9kre val\u00f3 ig\u00e9ny\u00e9t jelezze az <a href=\"mailto:info@vilhemp.hu\" target=\"_blank\" rel=\"noopener\">info@vilhemp.hu<\/a> c\u00edmen.<\/div>\n","protected":false},"excerpt":{"rendered":"<p>9,5 cm, 1,6g 100%-ban komposzt\u00e1lhat\u00f3 fagylaltos kan\u00e1l El\u00e9rhet\u0151: nat\u00far (barna) sz\u00ednben. Egyedi sz\u00ednben gy\u00e1rtott term\u00e9kre val\u00f3 ig\u00e9ny\u00e9t jelezze az info@vilhemp.hu c\u00edmen.<\/p>\n","protected":false},"featured_media":514,"comment_status":"open","ping_status":"closed","template":"","meta":[],"product_cat":[17],"product_tag":[],"acf":[],"_links":{"self":[{"href":"https:\/\/api.vilhemp.hu\/en\/wp-json\/wp\/v2\/product\/388"}],"collection":[{"href":"https:\/\/api.vilhemp.hu\/en\/wp-json\/wp\/v2\/product"}],"about":[{"href":"https:\/\/api.vilhemp.hu\/en\/wp-json\/wp\/v2\/types\/product"}],"replies":[{"embeddable":true,"href":"https:\/\/api.vilhemp.hu\/en\/wp-json\/wp\/v2\/comments?post=388"}],"wp:featuredmedia":[{"embeddable":true,"href":"https:\/\/api.vilhemp.hu\/en\/wp-json\/wp\/v2\/media\/514"}],"wp:attachment":[{"href":"https:\/\/api.vilhemp.hu\/en\/wp-json\/wp\/v2\/media?parent=388"}],"wp:term":[{"taxonomy":"product_cat","embeddable":true,"href":"https:\/\/api.vilhemp.hu\/en\/wp-json\/wp\/v2\/product_cat?post=388"},{"taxonomy":"product_tag","embeddable":true,"href":"https:\/\/api.vilhemp.hu\/en\/wp-json\/wp\/v2\/product_tag?post=388"}],"curies":[{"name":"wp","href":"https:\/\/api.w.org\/{rel}","templated":true}]}}