{"id":369,"date":"2022-02-28T17:14:12","date_gmt":"2022-02-28T17:14:12","guid":{"rendered":"https:\/\/api.vilhemp.com\/?post_type=product&#038;p=369"},"modified":"2022-10-17T10:52:44","modified_gmt":"2022-10-17T10:52:44","slug":"komposztalhato-kanal-szalveta-csomag","status":"publish","type":"product","link":"https:\/\/api.vilhemp.hu\/en\/termek\/komposztalhato-kanal-szalveta-csomag\/","title":{"rendered":"komposzt\u00e1lhat\u00f3 kan\u00e1l-szalv\u00e9ta csomag"},"content":{"rendered":"<div>A csomag m\u00e9rete: 6,5 x 20,5 cm<\/div>\n<div>A csomag tartalma: 1 db komposzt\u00e1lhat\u00f3 kan\u00e1l, valamint 1 db pap\u00edr szalv\u00e9ta.<\/div>\n","protected":false},"excerpt":{"rendered":"<p>A csomag m\u00e9rete: 6,5 x 20,5 cm A csomag tartalma: 1 db komposzt\u00e1lhat\u00f3 kan\u00e1l, valamint 1 db pap\u00edr szalv\u00e9ta.<\/p>\n","protected":false},"featured_media":508,"comment_status":"open","ping_status":"closed","template":"","meta":[],"product_cat":[17],"product_tag":[],"acf":[],"_links":{"self":[{"href":"https:\/\/api.vilhemp.hu\/en\/wp-json\/wp\/v2\/product\/369"}],"collection":[{"href":"https:\/\/api.vilhemp.hu\/en\/wp-json\/wp\/v2\/product"}],"about":[{"href":"https:\/\/api.vilhemp.hu\/en\/wp-json\/wp\/v2\/types\/product"}],"replies":[{"embeddable":true,"href":"https:\/\/api.vilhemp.hu\/en\/wp-json\/wp\/v2\/comments?post=369"}],"wp:featuredmedia":[{"embeddable":true,"href":"https:\/\/api.vilhemp.hu\/en\/wp-json\/wp\/v2\/media\/508"}],"wp:attachment":[{"href":"https:\/\/api.vilhemp.hu\/en\/wp-json\/wp\/v2\/media?parent=369"}],"wp:term":[{"taxonomy":"product_cat","embeddable":true,"href":"https:\/\/api.vilhemp.hu\/en\/wp-json\/wp\/v2\/product_cat?post=369"},{"taxonomy":"product_tag","embeddable":true,"href":"https:\/\/api.vilhemp.hu\/en\/wp-json\/wp\/v2\/product_tag?post=369"}],"curies":[{"name":"wp","href":"https:\/\/api.w.org\/{rel}","templated":true}]}}