{"id":222,"date":"2021-11-23T21:51:08","date_gmt":"2021-11-23T21:51:08","guid":{"rendered":"https:\/\/api.vilhemp.com\/en\/?post_type=product&#038;p=222"},"modified":"2025-07-15T20:00:50","modified_gmt":"2025-07-15T20:00:50","slug":"komposztalhato-kes-villa-szalveta-csomag","status":"publish","type":"product","link":"https:\/\/api.vilhemp.hu\/en\/termek\/komposztalhato-kes-villa-szalveta-csomag\/","title":{"rendered":"komposzt\u00e1lhat\u00f3 k\u00e9s-villa-szalv\u00e9ta csomag"},"content":{"rendered":"<div>\u00d3vd a k\u00f6rnyezetet \u00e9s v\u00e1laszd a hazai fejleszt\u00e9s\u0171, egyedi gy\u00e1rt\u00e1s\u00fa, term\u00e9szetes rostsz\u00e1l tartalm\u00fa, leboml\u00f3 Vilhemp ev\u0151eszk\u00f6z\u00f6ket!<\/div>\n<div><\/div>\n<div><strong>A csomag tartalma<\/strong>:<\/div>\n<ul>\n<li>1-1 db komposzt\u00e1lhat\u00f3 k\u00e9s \u00e9s villa<\/li>\n<li>1 db pap\u00edr szalv\u00e9ta<\/li>\n<\/ul>\n<div><strong>A tasak m\u00e9rete<\/strong>: 6,5 x 20,5 cm<\/div>\n<div><strong>Legkedvez\u0151bb \u00e1r (brutt\u00f3)<\/strong>: 109 Ft\/db-t\u00f3l (100 db\/karton rendel\u00e9s eset\u00e9n)<\/div>\n<div><strong>Kiszerel\u00e9s<\/strong>: 10 db, 100 db\/karton<\/div>\n<div>(Karton m\u00e9rete: 30x27x15,5cm)<\/div>\n<div><\/div>\n","protected":false},"excerpt":{"rendered":"<p>\u00d3vd a k\u00f6rnyezetet \u00e9s v\u00e1laszd a hazai fejleszt\u00e9s\u0171, egyedi gy\u00e1rt\u00e1s\u00fa, term\u00e9szetes rostsz\u00e1l tartalm\u00fa, leboml\u00f3 Vilhemp ev\u0151eszk\u00f6z\u00f6ket! A csomag tartalma: 1-1 db komposzt\u00e1lhat\u00f3 k\u00e9s \u00e9s villa 1 db pap\u00edr szalv\u00e9ta A tasak m\u00e9rete: 6,5 x 20,5 cm Legkedvez\u0151bb \u00e1r (brutt\u00f3): 109 Ft\/db-t\u00f3l (100 db\/karton rendel\u00e9s eset\u00e9n) Kiszerel\u00e9s: 10 db, 100 db\/karton (Karton m\u00e9rete: 30x27x15,5cm)<\/p>\n","protected":false},"featured_media":510,"comment_status":"open","ping_status":"closed","template":"","meta":[],"product_cat":[17],"product_tag":[],"acf":[],"_links":{"self":[{"href":"https:\/\/api.vilhemp.hu\/en\/wp-json\/wp\/v2\/product\/222"}],"collection":[{"href":"https:\/\/api.vilhemp.hu\/en\/wp-json\/wp\/v2\/product"}],"about":[{"href":"https:\/\/api.vilhemp.hu\/en\/wp-json\/wp\/v2\/types\/product"}],"replies":[{"embeddable":true,"href":"https:\/\/api.vilhemp.hu\/en\/wp-json\/wp\/v2\/comments?post=222"}],"wp:featuredmedia":[{"embeddable":true,"href":"https:\/\/api.vilhemp.hu\/en\/wp-json\/wp\/v2\/media\/510"}],"wp:attachment":[{"href":"https:\/\/api.vilhemp.hu\/en\/wp-json\/wp\/v2\/media?parent=222"}],"wp:term":[{"taxonomy":"product_cat","embeddable":true,"href":"https:\/\/api.vilhemp.hu\/en\/wp-json\/wp\/v2\/product_cat?post=222"},{"taxonomy":"product_tag","embeddable":true,"href":"https:\/\/api.vilhemp.hu\/en\/wp-json\/wp\/v2\/product_tag?post=222"}],"curies":[{"name":"wp","href":"https:\/\/api.w.org\/{rel}","templated":true}]}}