{"id":218,"date":"2021-11-23T21:31:14","date_gmt":"2021-11-23T21:31:14","guid":{"rendered":"https:\/\/api.vilhemp.com\/en\/?post_type=product&#038;p=218"},"modified":"2022-10-17T10:55:10","modified_gmt":"2022-10-17T10:55:10","slug":"komposztalhato-kes","status":"publish","type":"product","link":"https:\/\/api.vilhemp.hu\/en\/termek\/komposztalhato-kes\/","title":{"rendered":"komposzt\u00e1lhat\u00f3 k\u00e9s"},"content":{"rendered":"<p>komposzt\u00e1lhat\u00f3 k\u00e9s<\/p>\n","protected":false},"excerpt":{"rendered":"<p>komposzt\u00e1lhat\u00f3 k\u00e9s<\/p>\n","protected":false},"featured_media":512,"comment_status":"open","ping_status":"closed","template":"","meta":[],"product_cat":[17],"product_tag":[],"acf":[],"_links":{"self":[{"href":"https:\/\/api.vilhemp.hu\/en\/wp-json\/wp\/v2\/product\/218"}],"collection":[{"href":"https:\/\/api.vilhemp.hu\/en\/wp-json\/wp\/v2\/product"}],"about":[{"href":"https:\/\/api.vilhemp.hu\/en\/wp-json\/wp\/v2\/types\/product"}],"replies":[{"embeddable":true,"href":"https:\/\/api.vilhemp.hu\/en\/wp-json\/wp\/v2\/comments?post=218"}],"wp:featuredmedia":[{"embeddable":true,"href":"https:\/\/api.vilhemp.hu\/en\/wp-json\/wp\/v2\/media\/512"}],"wp:attachment":[{"href":"https:\/\/api.vilhemp.hu\/en\/wp-json\/wp\/v2\/media?parent=218"}],"wp:term":[{"taxonomy":"product_cat","embeddable":true,"href":"https:\/\/api.vilhemp.hu\/en\/wp-json\/wp\/v2\/product_cat?post=218"},{"taxonomy":"product_tag","embeddable":true,"href":"https:\/\/api.vilhemp.hu\/en\/wp-json\/wp\/v2\/product_tag?post=218"}],"curies":[{"name":"wp","href":"https:\/\/api.w.org\/{rel}","templated":true}]}}