{"id":210,"date":"2021-11-23T21:14:19","date_gmt":"2021-11-23T21:14:19","guid":{"rendered":"https:\/\/api.vilhemp.com\/en\/?post_type=product&#038;p=210"},"modified":"2022-10-17T10:44:28","modified_gmt":"2022-10-17T10:44:28","slug":"komposztalhato-szivoszal-8mm-atmero","status":"publish","type":"product","link":"https:\/\/api.vilhemp.hu\/en\/termek\/komposztalhato-szivoszal-8mm-atmero\/","title":{"rendered":"komposzt\u00e1lhat\u00f3 sz\u00edv\u00f3sz\u00e1l"},"content":{"rendered":"<div>A term\u00e9k m\u00e9rete: 220 mm hossz, 8 mm \u00e1tm\u00e9r\u0151<\/div>\n<div>S\u00faly: 1,2g<\/div>\n","protected":false},"excerpt":{"rendered":"<p>A term\u00e9k m\u00e9rete: 220 mm hossz, 8 mm \u00e1tm\u00e9r\u0151 S\u00faly: 1,2g<\/p>\n","protected":false},"featured_media":509,"comment_status":"open","ping_status":"closed","template":"","meta":[],"product_cat":[26],"product_tag":[],"acf":[],"_links":{"self":[{"href":"https:\/\/api.vilhemp.hu\/en\/wp-json\/wp\/v2\/product\/210"}],"collection":[{"href":"https:\/\/api.vilhemp.hu\/en\/wp-json\/wp\/v2\/product"}],"about":[{"href":"https:\/\/api.vilhemp.hu\/en\/wp-json\/wp\/v2\/types\/product"}],"replies":[{"embeddable":true,"href":"https:\/\/api.vilhemp.hu\/en\/wp-json\/wp\/v2\/comments?post=210"}],"wp:featuredmedia":[{"embeddable":true,"href":"https:\/\/api.vilhemp.hu\/en\/wp-json\/wp\/v2\/media\/509"}],"wp:attachment":[{"href":"https:\/\/api.vilhemp.hu\/en\/wp-json\/wp\/v2\/media?parent=210"}],"wp:term":[{"taxonomy":"product_cat","embeddable":true,"href":"https:\/\/api.vilhemp.hu\/en\/wp-json\/wp\/v2\/product_cat?post=210"},{"taxonomy":"product_tag","embeddable":true,"href":"https:\/\/api.vilhemp.hu\/en\/wp-json\/wp\/v2\/product_tag?post=210"}],"curies":[{"name":"wp","href":"https:\/\/api.w.org\/{rel}","templated":true}]}}