{"id":199,"date":"2021-09-12T11:59:14","date_gmt":"2021-09-12T11:59:14","guid":{"rendered":"https:\/\/api.vilhemp.com\/en\/?post_type=product&#038;p=199"},"modified":"2022-10-17T10:57:01","modified_gmt":"2022-10-17T10:57:01","slug":"villa","status":"publish","type":"product","link":"https:\/\/api.vilhemp.hu\/en\/termek\/villa\/","title":{"rendered":"komposzt\u00e1lhat\u00f3 villa"},"content":{"rendered":"<p>komposzt\u00e1lhat\u00f3 villa<\/p>\n","protected":false},"excerpt":{"rendered":"<p>komposzt\u00e1lhat\u00f3 villa<\/p>\n","protected":false},"featured_media":513,"comment_status":"open","ping_status":"closed","template":"","meta":[],"product_cat":[17],"product_tag":[],"acf":[],"_links":{"self":[{"href":"https:\/\/api.vilhemp.hu\/en\/wp-json\/wp\/v2\/product\/199"}],"collection":[{"href":"https:\/\/api.vilhemp.hu\/en\/wp-json\/wp\/v2\/product"}],"about":[{"href":"https:\/\/api.vilhemp.hu\/en\/wp-json\/wp\/v2\/types\/product"}],"replies":[{"embeddable":true,"href":"https:\/\/api.vilhemp.hu\/en\/wp-json\/wp\/v2\/comments?post=199"}],"wp:featuredmedia":[{"embeddable":true,"href":"https:\/\/api.vilhemp.hu\/en\/wp-json\/wp\/v2\/media\/513"}],"wp:attachment":[{"href":"https:\/\/api.vilhemp.hu\/en\/wp-json\/wp\/v2\/media?parent=199"}],"wp:term":[{"taxonomy":"product_cat","embeddable":true,"href":"https:\/\/api.vilhemp.hu\/en\/wp-json\/wp\/v2\/product_cat?post=199"},{"taxonomy":"product_tag","embeddable":true,"href":"https:\/\/api.vilhemp.hu\/en\/wp-json\/wp\/v2\/product_tag?post=199"}],"curies":[{"name":"wp","href":"https:\/\/api.w.org\/{rel}","templated":true}]}}