{"id":118,"date":"2021-03-09T20:44:59","date_gmt":"2021-03-09T20:44:59","guid":{"rendered":"https:\/\/api.vilhemp.com\/en\/?page_id=118"},"modified":"2025-06-13T14:53:45","modified_gmt":"2025-06-13T14:53:45","slug":"fogyasztoitajekoztato","status":"publish","type":"page","link":"https:\/\/api.vilhemp.hu\/en\/fogyasztoitajekoztato\/","title":{"rendered":"Fogyaszt\u00f3i t\u00e1j\u00e9koztat\u00f3"},"content":{"rendered":"<p>T\u00e1rol\u00e1s:<br \/>\nA t\u00e1rol\u00e1s sor\u00e1n ne \u00e9rje tart\u00f3san 40 \u00b0C-n\u00e1l nagyobb h\u0151m\u00e9rs\u00e9klet, k\u00f6zvetlen napf\u00e9ny \u00e9s\/vagy 80%-n\u00e1l nagyobb relat\u00edv p\u00e1ratartalom. Sz\u00e1raz, napf\u00e9nyt\u0151l v\u00e9dett helyen t\u00f6rt\u00e9n\u0151 t\u00e1rol\u00e1s mellett nem v\u00e1rhat\u00f3 elv\u00e1ltoz\u00e1s az anyagban.<br \/>\nHaszn\u00e1lat:<br \/>\nA term\u00e9k anyag\u00e1nak h\u0151\u00e1ll\u00f3s\u00e1ga 45 \u00b0C. Ker\u00fclj\u00fck a forr\u00f3 \u00e9tellel, itallal val\u00f3 \u00e9rintkez\u00e9st. 45 \u00b0C feletti h\u0151m\u00e9rs\u00e9klet\u0171 ital (pl. forr\u00f3 tea, k\u00e1v\u00e9), vagy \u00e9tel (pl. forr\u00f3 t\u00e9szta, h\u00fas) eset\u00e9n a term\u00e9k anyaga megl\u00e1gyulhat, a term\u00e9k a form\u00e1ja megv\u00e1ltozhat (megg\u00f6rb\u00fclhet a sz\u00edv\u00f3sz\u00e1l, elferd\u00fclhet a villa hegye). Ebben az esetben az anyag l\u00e1gyul\u00e1sa (teh\u00e1t nem szakad\u00e1sa, vagy t\u00f6r\u00e9se) v\u00e1rhat\u00f3.<br \/>\nMikrohull\u00e1m\u00fa s\u00fct\u0151be helyezni nem szabad.<br \/>\nTiszt\u00edt\u00e1s:<br \/>\nMeleg (35-38 \u00b0C-os), k\u00e9zi mosogat\u00f3szeres v\u00edzben. Ilyen k\u00f6r\u00fclm\u00e9nyek k\u00f6z\u00f6tt nem indul meg a term\u00e9kek leboml\u00e1sa.<br \/>\nSz\u00edv\u00f3sz\u00e1lak tiszt\u00edt\u00e1s\u00e1hoz javasoljuk a tiszt\u00edt\u00f3kefe haszn\u00e1lat\u00e1t, szint\u00e9n a fenti mosogat\u00e1si k\u00f6r\u00fclm\u00e9nyek k\u00f6z\u00f6tt.<br \/>\nKer\u00fclj\u00fck a forr\u00f3 vizes mosogat\u00e1st, mert az az anyag megl\u00e1gyul\u00e1s\u00e1hoz vezethet. Ugyan ezen okb\u00f3l kifoly\u00f3lag (tart\u00f3s forr\u00f3 v\u00edzzel val\u00f3 \u00e9rintkez\u00e9s miatt) ker\u00fclj\u00fck a mosogat\u00f3g\u00e9pben val\u00f3 tiszt\u00edt\u00e1st is.<br \/>\n\u00d6sszetev\u0151k:<br \/>\nPolitejsav (PLA) \u00e9s cellul\u00f3z<br \/>\nAlapanyaggal kapcsolatos t\u00e1j\u00e9koztat\u00f3k:<br \/>\nFelhaszn\u00e1lt alapanyag (PLA) biztons\u00e1gi adatlapja (link)<br \/>\nFelhaszn\u00e1lt alapanyag (PLA) forgalmaz\u00f3i m\u0171szaki adatlapja (link)<br \/>\nFelhaszn\u00e1lt alapanyag (PLA) gy\u00e1rt\u00f3i adatlapja (Natureworks technical data sheet) (link)<br \/>\nFelhaszn\u00e1lt alapanyag (fejlesztett granul\u00e1tum) m\u0171szaki adatlapja (link)<br \/>\n\u00c9lelmiszerbiztons\u00e1gi t\u00e1j\u00e9koztat\u00f3k:<br \/>\n\u00c9lelmiszerbiztons\u00e1gi vizsg\u00e1lati jegyz\u0151k\u00f6nyv (link)<br \/>\nFelhaszn\u00e1lt alapanyag (cellul\u00f3z) m\u0171szaki adatlapja<\/p>\n","protected":false},"excerpt":{"rendered":"<p>T\u00e1rol\u00e1s: A t\u00e1rol\u00e1s sor\u00e1n ne \u00e9rje tart\u00f3san 40 \u00b0C-n\u00e1l nagyobb h\u0151m\u00e9rs\u00e9klet, k\u00f6zvetlen napf\u00e9ny \u00e9s\/vagy 80%-n\u00e1l nagyobb relat\u00edv p\u00e1ratartalom. Sz\u00e1raz, napf\u00e9nyt\u0151l v\u00e9dett helyen t\u00f6rt\u00e9n\u0151 t\u00e1rol\u00e1s mellett nem v\u00e1rhat\u00f3 elv\u00e1ltoz\u00e1s az anyagban. Haszn\u00e1lat: A term\u00e9k anyag\u00e1nak h\u0151\u00e1ll\u00f3s\u00e1ga 45 \u00b0C. Ker\u00fclj\u00fck a forr\u00f3 \u00e9tellel, itallal val\u00f3 \u00e9rintkez\u00e9st. 45 \u00b0C feletti h\u0151m\u00e9rs\u00e9klet\u0171 ital (pl. forr\u00f3 tea, k\u00e1v\u00e9), vagy \u00e9tel [&hellip;]<\/p>\n","protected":false},"author":1,"featured_media":0,"parent":0,"menu_order":0,"comment_status":"closed","ping_status":"closed","template":"","meta":[],"acf":[],"_links":{"self":[{"href":"https:\/\/api.vilhemp.hu\/en\/wp-json\/wp\/v2\/pages\/118"}],"collection":[{"href":"https:\/\/api.vilhemp.hu\/en\/wp-json\/wp\/v2\/pages"}],"about":[{"href":"https:\/\/api.vilhemp.hu\/en\/wp-json\/wp\/v2\/types\/page"}],"author":[{"embeddable":true,"href":"https:\/\/api.vilhemp.hu\/en\/wp-json\/wp\/v2\/users\/1"}],"replies":[{"embeddable":true,"href":"https:\/\/api.vilhemp.hu\/en\/wp-json\/wp\/v2\/comments?post=118"}],"version-history":[{"count":24,"href":"https:\/\/api.vilhemp.hu\/en\/wp-json\/wp\/v2\/pages\/118\/revisions"}],"predecessor-version":[{"id":641,"href":"https:\/\/api.vilhemp.hu\/en\/wp-json\/wp\/v2\/pages\/118\/revisions\/641"}],"wp:attachment":[{"href":"https:\/\/api.vilhemp.hu\/en\/wp-json\/wp\/v2\/media?parent=118"}],"curies":[{"name":"wp","href":"https:\/\/api.w.org\/{rel}","templated":true}]}}